{"id":987,"date":"2018-09-04T10:58:07","date_gmt":"2018-09-04T10:58:07","guid":{"rendered":"https:\/\/luxpro.pt\/produto\/rele-de-alternancia-para-material-eletrico-frlra\/"},"modified":"2023-11-01T17:34:34","modified_gmt":"2023-11-01T17:34:34","slug":"rele-de-alternancia-para-material-eletrico-frlra","status":"publish","type":"product","link":"https:\/\/luxpro.pt\/es\/produto\/rele-de-alternancia-para-material-eletrico-frlra","title":{"rendered":"Rel\u00e9 de Altern\u00e2ncia 230V\/400V"},"content":{"rendered":"<p>\u2022 Caixa em material pl\u00e1stico com ficha circular de 11 pinos;<br \/>\n\u2022 Indica\u00e7\u00e3o de rel\u00e9 de sa\u00edda ligado (1-3), atrav\u00e9s de LED verde;<br \/>\n\u2022 Indica\u00e7\u00e3o de rel\u00e9 de sa\u00edda ligado (1-4), atrav\u00e9s de LED verde;<br \/>\n\u2022 Indica\u00e7\u00e3o de rel\u00e9 com tens\u00e3o na alimenta\u00e7\u00e3o (2-10), atrav\u00e9s de LED amarelo;<br \/>\n\u2022 Indica\u00e7\u00e3o frontal da tens\u00e3o nominal de alimenta\u00e7\u00e3o do rel\u00e9;<br \/>\n\u2022 Indica\u00e7\u00e3o lateral do esquema de liga\u00e7\u00f5es;<br \/>\n\u2022 Indica\u00e7\u00e3o lateral do diagrama de funcionamento.<\/p>\n","protected":false},"excerpt":{"rendered":"<p>\u2022 Caixa em material pl\u00e1stico com ficha circular de 11 pinos; \u2022 Indica\u00e7\u00e3o de rel\u00e9 de sa\u00edda ligado (1-3), atrav\u00e9s de LED verde; \u2022 Indica\u00e7\u00e3o de rel\u00e9 de sa\u00edda ligado (1-4), atrav\u00e9s de LED verde; \u2022 Indica\u00e7\u00e3o de rel\u00e9 com tens\u00e3o na alimenta\u00e7\u00e3o (2-10), atrav\u00e9s de LED amarelo; \u2022 Indica\u00e7\u00e3o frontal da tens\u00e3o nominal de alimenta\u00e7\u00e3o do rel\u00e9; \u2022 Indica\u00e7\u00e3o [&hellip;]<\/p>\n","protected":false},"featured_media":988,"comment_status":"closed","ping_status":"closed","template":"","meta":[],"product_brand":[],"product_cat":[30,29],"product_tag":[1277,1470,1541],"class_list":{"0":"post-987","1":"product","2":"type-product","3":"status-publish","4":"has-post-thumbnail","6":"product_cat-materiais-de-agua","7":"product_cat-reles","8":"product_tag-230v","9":"product_tag-400v","10":"product_tag-rele-de-alternancia","11":"pa_potencia-230v","12":"pa_potencia-400v","13":"pa_tensao-de-entrada-230v-400v","14":"pa_dimensoes-a79xl35xp77mm","16":"first","17":"instock","18":"taxable","19":"shipping-taxable","20":"purchasable","21":"product-type-variable"},"yoast_head":"<!-- This site is optimized with the Yoast SEO plugin v26.5 - https:\/\/yoast.com\/wordpress\/plugins\/seo\/ -->\n<title>Rel\u00e9 de Altern\u00e2ncia 230V\/400V - LuxPro<\/title>\n<meta name=\"description\" content=\"\u2022 Caixa em material pl\u00e1stico com ficha circular de 11 pinos; \u2022 Indica\u00e7\u00e3o de rel\u00e9 de sa\u00edda ligado (1-3), atrav\u00e9s de LED verde; \u2022 Indica\u00e7\u00e3o de rel\u00e9 de sa\u00edda\" \/>\n<meta name=\"robots\" content=\"index, follow, max-snippet:-1, max-image-preview:large, max-video-preview:-1\" \/>\n<link rel=\"canonical\" href=\"https:\/\/luxpro.pt\/es\/produto\/rele-de-alternancia-para-material-eletrico-frlra\" \/>\n<meta property=\"og:locale\" content=\"es_ES\" \/>\n<meta property=\"og:type\" content=\"article\" \/>\n<meta property=\"og:title\" content=\"Rel\u00e9 de Altern\u00e2ncia 230V\/400V - LuxPro\" \/>\n<meta property=\"og:description\" content=\"\u2022 Caixa em material pl\u00e1stico com ficha circular de 11 pinos; \u2022 Indica\u00e7\u00e3o de rel\u00e9 de sa\u00edda ligado (1-3), atrav\u00e9s de LED verde; \u2022 Indica\u00e7\u00e3o de rel\u00e9 de sa\u00edda\" \/>\n<meta property=\"og:url\" content=\"https:\/\/luxpro.pt\/es\/produto\/rele-de-alternancia-para-material-eletrico-frlra\" \/>\n<meta property=\"og:site_name\" content=\"LuxPro\" \/>\n<meta property=\"article:modified_time\" content=\"2023-11-01T17:34:34+00:00\" \/>\n<meta property=\"og:image\" content=\"https:\/\/luxpro.pt\/wp-content\/uploads\/2018\/09\/RA2220L.jpg\" \/>\n\t<meta property=\"og:image:width\" content=\"1000\" \/>\n\t<meta property=\"og:image:height\" content=\"1000\" \/>\n\t<meta property=\"og:image:type\" content=\"image\/jpeg\" \/>\n<meta name=\"twitter:card\" content=\"summary_large_image\" \/>\n<meta name=\"twitter:label1\" content=\"Tiempo de lectura\" \/>\n\t<meta name=\"twitter:data1\" content=\"1 minuto\" \/>\n<script type=\"application\/ld+json\" class=\"yoast-schema-graph\">{\"@context\":\"https:\/\/schema.org\",\"@graph\":[{\"@type\":\"WebPage\",\"@id\":\"https:\/\/luxpro.pt\/es\/produto\/rele-de-alternancia-para-material-eletrico-frlra\",\"url\":\"https:\/\/luxpro.pt\/es\/produto\/rele-de-alternancia-para-material-eletrico-frlra\",\"name\":\"Rel\u00e9 de Altern\u00e2ncia 230V\/400V - LuxPro\",\"isPartOf\":{\"@id\":\"https:\/\/luxpro.pt\/es#website\"},\"primaryImageOfPage\":{\"@id\":\"https:\/\/luxpro.pt\/es\/produto\/rele-de-alternancia-para-material-eletrico-frlra#primaryimage\"},\"image\":{\"@id\":\"https:\/\/luxpro.pt\/es\/produto\/rele-de-alternancia-para-material-eletrico-frlra#primaryimage\"},\"thumbnailUrl\":\"https:\/\/luxpro.pt\/wp-content\/uploads\/2018\/09\/RA2220L.jpg\",\"datePublished\":\"2018-09-04T10:58:07+00:00\",\"dateModified\":\"2023-11-01T17:34:34+00:00\",\"description\":\"\u2022 Caixa em material pl\u00e1stico com ficha circular de 11 pinos; \u2022 Indica\u00e7\u00e3o de rel\u00e9 de sa\u00edda ligado (1-3), atrav\u00e9s de LED verde; \u2022 Indica\u00e7\u00e3o de rel\u00e9 de sa\u00edda\",\"breadcrumb\":{\"@id\":\"https:\/\/luxpro.pt\/es\/produto\/rele-de-alternancia-para-material-eletrico-frlra#breadcrumb\"},\"inLanguage\":\"es\",\"potentialAction\":[{\"@type\":\"ReadAction\",\"target\":[\"https:\/\/luxpro.pt\/es\/produto\/rele-de-alternancia-para-material-eletrico-frlra\"]}]},{\"@type\":\"ImageObject\",\"inLanguage\":\"es\",\"@id\":\"https:\/\/luxpro.pt\/es\/produto\/rele-de-alternancia-para-material-eletrico-frlra#primaryimage\",\"url\":\"https:\/\/luxpro.pt\/wp-content\/uploads\/2018\/09\/RA2220L.jpg\",\"contentUrl\":\"https:\/\/luxpro.pt\/wp-content\/uploads\/2018\/09\/RA2220L.jpg\",\"width\":1000,\"height\":1000},{\"@type\":\"BreadcrumbList\",\"@id\":\"https:\/\/luxpro.pt\/es\/produto\/rele-de-alternancia-para-material-eletrico-frlra#breadcrumb\",\"itemListElement\":[{\"@type\":\"ListItem\",\"position\":1,\"name\":\"In\u00edcio\",\"item\":\"https:\/\/luxpro.pt\/es\"},{\"@type\":\"ListItem\",\"position\":2,\"name\":\"Loja\",\"item\":\"https:\/\/luxpro.pt\/loja\"},{\"@type\":\"ListItem\",\"position\":3,\"name\":\"Rel\u00e9 de Altern\u00e2ncia 230V\/400V\"}]},{\"@type\":\"WebSite\",\"@id\":\"https:\/\/luxpro.pt\/es#website\",\"url\":\"https:\/\/luxpro.pt\/es\",\"name\":\"LuxPro\",\"description\":\"\",\"publisher\":{\"@id\":\"https:\/\/luxpro.pt\/es#\/schema\/person\/2d1bed59a52ad49be71622bef025e341\"},\"potentialAction\":[{\"@type\":\"SearchAction\",\"target\":{\"@type\":\"EntryPoint\",\"urlTemplate\":\"https:\/\/luxpro.pt\/es?s={search_term_string}\"},\"query-input\":{\"@type\":\"PropertyValueSpecification\",\"valueRequired\":true,\"valueName\":\"search_term_string\"}}],\"inLanguage\":\"es\"},{\"@type\":[\"Person\",\"Organization\"],\"@id\":\"https:\/\/luxpro.pt\/es#\/schema\/person\/2d1bed59a52ad49be71622bef025e341\",\"name\":\"Tiago Amadeu Ferreira\",\"image\":{\"@type\":\"ImageObject\",\"inLanguage\":\"es\",\"@id\":\"https:\/\/luxpro.pt\/es#\/schema\/person\/image\/\",\"url\":\"https:\/\/luxpro.pt\/wp-content\/uploads\/2017\/11\/logo.jpg\",\"contentUrl\":\"https:\/\/luxpro.pt\/wp-content\/uploads\/2017\/11\/logo.jpg\",\"width\":150,\"height\":33,\"caption\":\"Tiago Amadeu Ferreira\"},\"logo\":{\"@id\":\"https:\/\/luxpro.pt\/es#\/schema\/person\/image\/\"}}]}<\/script>\n<!-- \/ Yoast SEO plugin. -->","yoast_head_json":{"title":"Rel\u00e9 de Altern\u00e2ncia 230V\/400V - LuxPro","description":"\u2022 Caixa em material pl\u00e1stico com ficha circular de 11 pinos; \u2022 Indica\u00e7\u00e3o de rel\u00e9 de sa\u00edda ligado (1-3), atrav\u00e9s de LED verde; \u2022 Indica\u00e7\u00e3o de rel\u00e9 de sa\u00edda","robots":{"index":"index","follow":"follow","max-snippet":"max-snippet:-1","max-image-preview":"max-image-preview:large","max-video-preview":"max-video-preview:-1"},"canonical":"https:\/\/luxpro.pt\/es\/produto\/rele-de-alternancia-para-material-eletrico-frlra","og_locale":"es_ES","og_type":"article","og_title":"Rel\u00e9 de Altern\u00e2ncia 230V\/400V - LuxPro","og_description":"\u2022 Caixa em material pl\u00e1stico com ficha circular de 11 pinos; \u2022 Indica\u00e7\u00e3o de rel\u00e9 de sa\u00edda ligado (1-3), atrav\u00e9s de LED verde; \u2022 Indica\u00e7\u00e3o de rel\u00e9 de sa\u00edda","og_url":"https:\/\/luxpro.pt\/es\/produto\/rele-de-alternancia-para-material-eletrico-frlra","og_site_name":"LuxPro","article_modified_time":"2023-11-01T17:34:34+00:00","og_image":[{"width":1000,"height":1000,"url":"https:\/\/luxpro.pt\/wp-content\/uploads\/2018\/09\/RA2220L.jpg","type":"image\/jpeg"}],"twitter_card":"summary_large_image","twitter_misc":{"Tiempo de lectura":"1 minuto"},"schema":{"@context":"https:\/\/schema.org","@graph":[{"@type":"WebPage","@id":"https:\/\/luxpro.pt\/es\/produto\/rele-de-alternancia-para-material-eletrico-frlra","url":"https:\/\/luxpro.pt\/es\/produto\/rele-de-alternancia-para-material-eletrico-frlra","name":"Rel\u00e9 de Altern\u00e2ncia 230V\/400V - LuxPro","isPartOf":{"@id":"https:\/\/luxpro.pt\/es#website"},"primaryImageOfPage":{"@id":"https:\/\/luxpro.pt\/es\/produto\/rele-de-alternancia-para-material-eletrico-frlra#primaryimage"},"image":{"@id":"https:\/\/luxpro.pt\/es\/produto\/rele-de-alternancia-para-material-eletrico-frlra#primaryimage"},"thumbnailUrl":"https:\/\/luxpro.pt\/wp-content\/uploads\/2018\/09\/RA2220L.jpg","datePublished":"2018-09-04T10:58:07+00:00","dateModified":"2023-11-01T17:34:34+00:00","description":"\u2022 Caixa em material pl\u00e1stico com ficha circular de 11 pinos; \u2022 Indica\u00e7\u00e3o de rel\u00e9 de sa\u00edda ligado (1-3), atrav\u00e9s de LED verde; \u2022 Indica\u00e7\u00e3o de rel\u00e9 de sa\u00edda","breadcrumb":{"@id":"https:\/\/luxpro.pt\/es\/produto\/rele-de-alternancia-para-material-eletrico-frlra#breadcrumb"},"inLanguage":"es","potentialAction":[{"@type":"ReadAction","target":["https:\/\/luxpro.pt\/es\/produto\/rele-de-alternancia-para-material-eletrico-frlra"]}]},{"@type":"ImageObject","inLanguage":"es","@id":"https:\/\/luxpro.pt\/es\/produto\/rele-de-alternancia-para-material-eletrico-frlra#primaryimage","url":"https:\/\/luxpro.pt\/wp-content\/uploads\/2018\/09\/RA2220L.jpg","contentUrl":"https:\/\/luxpro.pt\/wp-content\/uploads\/2018\/09\/RA2220L.jpg","width":1000,"height":1000},{"@type":"BreadcrumbList","@id":"https:\/\/luxpro.pt\/es\/produto\/rele-de-alternancia-para-material-eletrico-frlra#breadcrumb","itemListElement":[{"@type":"ListItem","position":1,"name":"In\u00edcio","item":"https:\/\/luxpro.pt\/es"},{"@type":"ListItem","position":2,"name":"Loja","item":"https:\/\/luxpro.pt\/loja"},{"@type":"ListItem","position":3,"name":"Rel\u00e9 de Altern\u00e2ncia 230V\/400V"}]},{"@type":"WebSite","@id":"https:\/\/luxpro.pt\/es#website","url":"https:\/\/luxpro.pt\/es","name":"LuxPro","description":"","publisher":{"@id":"https:\/\/luxpro.pt\/es#\/schema\/person\/2d1bed59a52ad49be71622bef025e341"},"potentialAction":[{"@type":"SearchAction","target":{"@type":"EntryPoint","urlTemplate":"https:\/\/luxpro.pt\/es?s={search_term_string}"},"query-input":{"@type":"PropertyValueSpecification","valueRequired":true,"valueName":"search_term_string"}}],"inLanguage":"es"},{"@type":["Person","Organization"],"@id":"https:\/\/luxpro.pt\/es#\/schema\/person\/2d1bed59a52ad49be71622bef025e341","name":"Tiago Amadeu Ferreira","image":{"@type":"ImageObject","inLanguage":"es","@id":"https:\/\/luxpro.pt\/es#\/schema\/person\/image\/","url":"https:\/\/luxpro.pt\/wp-content\/uploads\/2017\/11\/logo.jpg","contentUrl":"https:\/\/luxpro.pt\/wp-content\/uploads\/2017\/11\/logo.jpg","width":150,"height":33,"caption":"Tiago Amadeu Ferreira"},"logo":{"@id":"https:\/\/luxpro.pt\/es#\/schema\/person\/image\/"}}]}},"tiered_pricing_type":"fixed","tiered_pricing_fixed_rules":[],"tiered_pricing_product_settings":{"layout":"default","base_unit_name":{"singular":null,"plural":null},"default_variation":null},"tiered_pricing_minimum_quantity":null,"tiered_pricing_roles_data":[],"tiered_pricing_percentage_rules":[],"_links":{"self":[{"href":"https:\/\/luxpro.pt\/es\/wp-json\/wp\/v2\/product\/987","targetHints":{"allow":["GET"]}}],"collection":[{"href":"https:\/\/luxpro.pt\/es\/wp-json\/wp\/v2\/product"}],"about":[{"href":"https:\/\/luxpro.pt\/es\/wp-json\/wp\/v2\/types\/product"}],"replies":[{"embeddable":true,"href":"https:\/\/luxpro.pt\/es\/wp-json\/wp\/v2\/comments?post=987"}],"wp:featuredmedia":[{"embeddable":true,"href":"https:\/\/luxpro.pt\/es\/wp-json\/wp\/v2\/media\/988"}],"wp:attachment":[{"href":"https:\/\/luxpro.pt\/es\/wp-json\/wp\/v2\/media?parent=987"}],"wp:term":[{"taxonomy":"product_brand","embeddable":true,"href":"https:\/\/luxpro.pt\/es\/wp-json\/wp\/v2\/product_brand?post=987"},{"taxonomy":"product_cat","embeddable":true,"href":"https:\/\/luxpro.pt\/es\/wp-json\/wp\/v2\/product_cat?post=987"},{"taxonomy":"product_tag","embeddable":true,"href":"https:\/\/luxpro.pt\/es\/wp-json\/wp\/v2\/product_tag?post=987"}],"curies":[{"name":"wp","href":"https:\/\/api.w.org\/{rel}","templated":true}]}}